{"id":636,"date":"2019-06-01T06:41:39","date_gmt":"2019-06-01T10:41:39","guid":{"rendered":"http:\/\/www.protegeusa.com\/?page_id=636"},"modified":"2022-03-21T22:56:02","modified_gmt":"2022-03-22T02:56:02","slug":"seguros-suplementarios","status":"publish","type":"page","link":"https:\/\/protegeusa.com\/nueva\/seguros-suplementarios\/","title":{"rendered":"Seguros Suplementarios"},"content":{"rendered":"<div class=\"wpb-content-wrapper\"><p>[vc_row full_width=&#8221;stretch_row&#8221; css=&#8221;.vc_custom_1644803999084{padding-top: 70px !important;background-color: #ffffff !important;}&#8221;][vc_column width=&#8221;1\/4&#8243;][\/vc_column][vc_column width=&#8221;1\/2&#8243;]<div class=\"sc_section\" data-animation=\"animated fadeInUp normal\"><div class=\"sc_section_inner\"><h3 class=\"sc_section_title sc_item_title sc_item_title_without_descr\">Seguros Suplementarios<\/h3><div class=\"sc_section_content_wrap\"><\/div><\/div><\/div>[vc_column_text css_animation=&#8221;fadeInUp&#8221; css=&#8221;.vc_custom_1644599200747{margin-top: 30px !important;}&#8221;]<\/p>\n<p style=\"text-align: center;\">Los seguros suplementarios o complementarios est\u00e1n dise\u00f1ados para ayudar a cubrir los montos no amparados por su seguro primario, m\u00e1s tranquilidad para su pronta recuperaci\u00f3n.<\/p>\n<p>[\/vc_column_text][\/vc_column][vc_column width=&#8221;1\/4&#8243;][\/vc_column][\/vc_row][vc_row full_width=&#8221;stretch_row&#8221; css=&#8221;.vc_custom_1644804009850{padding-top: 70px !important;background-color: #ffffff !important;}&#8221;][vc_column][vc_single_image image=&#8221;1627&#8243; img_size=&#8221;full&#8221; alignment=&#8221;center&#8221; css_animation=&#8221;fadeInUp&#8221;][\/vc_column][\/vc_row][vc_row full_width=&#8221;stretch_row&#8221; css=&#8221;.vc_custom_1644804022035{padding-top: 70px !important;background-color: #ffffff !important;}&#8221;][vc_column width=&#8221;1\/6&#8243;][\/vc_column][vc_column width=&#8221;2\/3&#8243;]<div class=\"sc_section\"><div class=\"sc_section_inner\"><h3 class=\"sc_section_title sc_item_title sc_item_title_without_descr\">\u00bfPor qu\u00e9 considerar una cobertura suplementaria?<\/h3><div class=\"sc_section_content_wrap\">[vc_column_text css=&#8221;.vc_custom_1647725440073{margin-top: 30px !important;}&#8221;]<\/p>\n<p style=\"text-align: center;\">Porque le pueden ayudar a pagar los gastos m\u00e9dicos, los copagos y deducibles ante una enfermedad grave o un accidente. Los gastos del hogar no se detienen ante un accidente o una enfermedad, una cobertura suplementaria le paga los beneficios directamente a usted (salvo que se estipule lo contrario) para ayudarle con los pagos de facturas de servicios, comida y el cuidado de los ni\u00f1os. M\u00e1s asequible de lo que podr\u00eda pensar. Por una prima mensual menor de lo que cuesta una hamburguesa, estas p\u00f3lizas le pueden dar la tranquilidad financiera necesaria, cuando sucede lo inesperado.<\/p>\n<p>[\/vc_column_text]<\/div><\/div><\/div>[\/vc_column][vc_column width=&#8221;1\/6&#8243;][\/vc_column][\/vc_row][vc_row full_width=&#8221;stretch_row&#8221; css=&#8221;.vc_custom_1644804028844{padding-top: 70px !important;padding-bottom: 70px !important;background-color: #ffffff !important;}&#8221;][vc_column width=&#8221;1\/6&#8243;][\/vc_column][vc_column width=&#8221;2\/3&#8243;][vc_tta_accordion color=&#8221;white&#8221; gap=&#8221;10&#8243; c_icon=&#8221;triangle&#8221; c_position=&#8221;right&#8221; active_section=&#8221;0&#8243; css_animation=&#8221;fadeInUp&#8221; collapsible_all=&#8221;true&#8221;][vc_tta_section title=&#8221;Ataque card\u00edaco y derrame cerebral&#8221; tab_id=&#8221;1640564996070-9a9f58a2-e682&#8243;][vc_column_text]<\/p>\n<ul>\n<li>Prima mensual asequible, monto de beneficio variable entre $5,000 y $100,000.<\/li>\n<li>P\u00f3liza para personas entre 18 y 99 a\u00f1os. Cobertura individual y familiar.<\/li>\n<li>La cobertura comprende ataque card\u00edaco, derrame cerebral, trasplante de coraz\u00f3n, angioplastia, cirug\u00eda de bypass de la arteria coronaria, entre otros.<\/li>\n<li>La p\u00f3liza tiene garant\u00eda de renovaci\u00f3n de por vida.<\/li>\n<\/ul>\n<p>[\/vc_column_text][\/vc_tta_section][vc_tta_section title=&#8221;Tratamiento de C\u00e1ncer&#8221; tab_id=&#8221;1644599647871-5dc4cefb-adba&#8221;][vc_column_text]<\/p>\n<ul>\n<li>Cirug\u00eda y hospitalizaci\u00f3n.<\/li>\n<li>Tratamientos como quimioterapia, radiaci\u00f3n, tratamiento experimental y trasplantes.<\/li>\n<li>Transporte y alojamiento relacionados con su tratamiento.<\/li>\n<li>Terapia de rehabilitaci\u00f3n, estad\u00eda prolongada en centros de cuidado especializado.<\/li>\n<li>Gastos relacionados con el cuidado de la familia, como cuidado infantil y de mascotas.<\/li>\n<\/ul>\n<p>[\/vc_column_text][\/vc_tta_section][vc_tta_section title=&#8221;Indemnizaci\u00f3n Hospitalaria&#8221; tab_id=&#8221;1644606500566-5fcfda62-73b3&#8243;][vc_column_text]<\/p>\n<ul>\n<li>No hay restricciones en cuanto a redes, copagos, deducibles o coseguros. No importa el hospital que elija, estar\u00e1 cubierto.<\/li>\n<li>Tan solo necesita responder algunas preguntas sobre su historial de salud<\/li>\n<li>Cobertura disponible para personas entre 50 y 85 a\u00f1os. Individual, pareja o familia.<\/li>\n<li>En caso de una hospitalizaci\u00f3n a causa de una lesi\u00f3n o enfermedad, se paga el monto fijo del beneficio en d\u00f3lares.<\/li>\n<li>La cobertura contin\u00faa despu\u00e9s de la primera hospitalizaci\u00f3n, as\u00ed que estar\u00e1 cubierto para futuras hospitalizaciones.<\/li>\n<li>Su p\u00f3liza tiene garant\u00eda de renovaci\u00f3n de por vida, independientemente de la edad o cualquier cambio en su estado de salud.<\/li>\n<\/ul>\n<p>[\/vc_column_text][\/vc_tta_section][vc_tta_section title=&#8221;Tratamiento de Accidente&#8221; tab_id=&#8221;1644609745796-9d4e5b47-b525&#8243;][vc_column_text]<\/p>\n<ul>\n<li>Beneficios para varios tipos de lesiones accidentales, tratamientos y costos asociados.<\/li>\n<li>Cobertura para usted, su c\u00f3nyuge o su familia.<\/li>\n<li>Las edades para la emisi\u00f3n van de los 18 a los 74 a\u00f1os.<\/li>\n<li>No se ve afectada por ning\u00fan otro seguro que usted pueda tener.<\/li>\n<li>Renovaci\u00f3n garantizada hasta los 80 a\u00f1os.<\/li>\n<\/ul>\n<p>[\/vc_column_text][\/vc_tta_section][vc_tta_section title=&#8221;Dental, Visi\u00f3n y Audici\u00f3n&#8221; tab_id=&#8221;1644609886584-49db077d-f0c1&#8243;][vc_column_text]Usted tiene la opci\u00f3n de elegir:<\/p>\n<ul>\n<li>Servicios dentales de diagn\u00f3stico y preventivos con 100% de cobertura todos los a\u00f1os, sin per\u00edodos de espera para los servicios dentales de rutina.<\/li>\n<li>Deducibles bajos de $0, $50 o el m\u00e1ximo de $100 por a\u00f1o, por persona.<\/li>\n<li>Beneficio m\u00e1ximo de hasta $5,000 por a\u00f1o de la p\u00f3liza, por persona, que cubre el cuidado dental, de la vista y de la audici\u00f3n.<\/li>\n<\/ul>\n<p>[\/vc_column_text][\/vc_tta_section][\/vc_tta_accordion][\/vc_column][vc_column width=&#8221;1\/6&#8243;][\/vc_column][\/vc_row][vc_row full_width=&#8221;stretch_row&#8221; css=&#8221;.vc_custom_1647917756796{padding-top: 80px !important;padding-bottom: 50px !important;background: #ffffff url(https:\/\/protegeusa.com\/nueva\/wp-content\/uploads\/2022\/02\/background-contact-10_Mesa-de-trabajo-1-copia-8.png?id=1735) !important;background-position: center !important;background-repeat: no-repeat !important;background-size: cover !important;}&#8221;][vc_column width=&#8221;2\/4&#8243;]<div class=\"sc_section\"><div class=\"sc_section_inner\"><h3 class=\"sc_section_title sc_item_title sc_item_title_without_descr\">Cotizar ahora<\/h3><div class=\"sc_section_content_wrap\"><\/div><\/div><\/div>[vc_raw_js]JTNDc2NyaXB0JTIwZGF0YS1iMjQtZm9ybSUzRCUyMmlubGluZSUyRjMyJTJGcmhpcDAwJTIyJTIwZGF0YS1za2lwLW1vdmluZyUzRCUyMnRydWUlMjIlM0UlMEElMjhmdW5jdGlvbiUyOHclMkNkJTJDdSUyOSU3QiUwQXZhciUyMHMlM0RkLmNyZWF0ZUVsZW1lbnQlMjglMjdzY3JpcHQlMjclMjklM0JzLmFzeW5jJTNEdHJ1ZSUzQnMuc3JjJTNEdSUyQiUyNyUzRiUyNyUyQiUyOERhdGUubm93JTI4JTI5JTJGMTgwMDAwJTdDMCUyOSUzQiUwQXZhciUyMGglM0RkLmdldEVsZW1lbnRzQnlUYWdOYW1lJTI4JTI3c2NyaXB0JTI3JTI5JTVCMCU1RCUzQmgucGFyZW50Tm9kZS5pbnNlcnRCZWZvcmUlMjhzJTJDaCUyOSUzQiUwQSU3RCUyOSUyOHdpbmRvdyUyQ2RvY3VtZW50JTJDJTI3aHR0cHMlM0ElMkYlMkZjZG4uYml0cml4MjQuY29tJTJGYjE5MTY5MDE3JTJGY3JtJTJGZm9ybSUyRmxvYWRlcl8zMi5qcyUyNyUyOSUzQiUwQSUzQyUyRnNjcmlwdCUzRQ==[\/vc_raw_js][\/vc_column][vc_column width=&#8221;2\/4&#8243; css=&#8221;.vc_custom_1644617240078{margin-left: 70px !important;}&#8221;][\/vc_column][\/vc_row]<\/p>\n<\/div>","protected":false},"excerpt":{"rendered":"<p>[vc_row full_width=&#8221;stretch_row&#8221; css=&#8221;.vc_custom_1644803999084{padding-top: 70px !important;background-color: #ffffff !important;}&#8221;][vc_column width=&#8221;1\/4&#8243;][\/vc_column][vc_column width=&#8221;1\/2&#8243;][vc_column_text css_animation=&#8221;fadeInUp&#8221; css=&#8221;.vc_custom_1644599200747{margin-top: 30px !important;}&#8221;] Los seguros suplementarios o complementarios est\u00e1n dise\u00f1ados para ayudar a cubrir los montos no amparados por su seguro primario, m\u00e1s tranquilidad para su pronta recuperaci\u00f3n. [\/vc_column_text][\/vc_column][vc_column width=&#8221;1\/4&#8243;][\/vc_column][\/vc_row][vc_row full_width=&#8221;stretch_row&#8221; css=&#8221;.vc_custom_1644804009850{padding-top: 70px !important;background-color: #ffffff !important;}&#8221;][vc_column][vc_single_image image=&#8221;1627&#8243; img_size=&#8221;full&#8221; alignment=&#8221;center&#8221; css_animation=&#8221;fadeInUp&#8221;][\/vc_column][\/vc_row][vc_row full_width=&#8221;stretch_row&#8221; css=&#8221;.vc_custom_1644804022035{padding-top: 70px !important;background-color: #ffffff [&hellip;]<\/p>\n","protected":false},"author":4,"featured_media":0,"parent":0,"menu_order":0,"comment_status":"closed","ping_status":"closed","template":"","meta":{"footnotes":""},"class_list":["post-636","page","type-page","status-publish","hentry"],"yoast_head":"<!-- This site is optimized with the Yoast SEO plugin v27.2 - https:\/\/yoast.com\/product\/yoast-seo-wordpress\/ -->\n<title>Seguros Suplementarios - Protege Insurance Group<\/title>\n<meta name=\"robots\" content=\"index, follow, max-snippet:-1, max-image-preview:large, max-video-preview:-1\" \/>\n<link rel=\"canonical\" href=\"https:\/\/protegeusa.com\/nueva\/seguros-suplementarios\/\" \/>\n<meta property=\"og:locale\" content=\"en_US\" \/>\n<meta property=\"og:type\" content=\"article\" \/>\n<meta property=\"og:title\" content=\"Seguros Suplementarios - Protege Insurance Group\" \/>\n<meta property=\"og:description\" content=\"[vc_row full_width=&#8221;stretch_row&#8221; css=&#8221;.vc_custom_1644803999084{padding-top: 70px !important;background-color: #ffffff !important;}&#8221;][vc_column width=&#8221;1\/4&#8243;][\/vc_column][vc_column width=&#8221;1\/2&#8243;][vc_column_text css_animation=&#8221;fadeInUp&#8221; css=&#8221;.vc_custom_1644599200747{margin-top: 30px !important;}&#8221;] Los seguros suplementarios o complementarios est\u00e1n dise\u00f1ados para ayudar a cubrir los montos no amparados por su seguro primario, m\u00e1s tranquilidad para su pronta recuperaci\u00f3n. [\/vc_column_text][\/vc_column][vc_column width=&#8221;1\/4&#8243;][\/vc_column][\/vc_row][vc_row full_width=&#8221;stretch_row&#8221; css=&#8221;.vc_custom_1644804009850{padding-top: 70px !important;background-color: #ffffff !important;}&#8221;][vc_column][vc_single_image image=&#8221;1627&#8243; img_size=&#8221;full&#8221; alignment=&#8221;center&#8221; css_animation=&#8221;fadeInUp&#8221;][\/vc_column][\/vc_row][vc_row full_width=&#8221;stretch_row&#8221; css=&#8221;.vc_custom_1644804022035{padding-top: 70px !important;background-color: #ffffff [&hellip;]\" \/>\n<meta property=\"og:url\" content=\"https:\/\/protegeusa.com\/nueva\/seguros-suplementarios\/\" \/>\n<meta property=\"og:site_name\" content=\"Protege Insurance Group\" \/>\n<meta property=\"article:publisher\" content=\"https:\/\/www.facebook.com\/ProtegeUSA\/\" \/>\n<meta property=\"article:modified_time\" content=\"2022-03-22T02:56:02+00:00\" \/>\n<meta name=\"twitter:card\" content=\"summary_large_image\" \/>\n<meta name=\"twitter:site\" content=\"@ProtegeUSA\" \/>\n<script type=\"application\/ld+json\" class=\"yoast-schema-graph\">{\"@context\":\"https:\/\/schema.org\",\"@graph\":[{\"@type\":\"WebPage\",\"@id\":\"https:\/\/protegeusa.com\/nueva\/seguros-suplementarios\/\",\"url\":\"https:\/\/protegeusa.com\/nueva\/seguros-suplementarios\/\",\"name\":\"Seguros Suplementarios - Protege Insurance Group\",\"isPartOf\":{\"@id\":\"https:\/\/protegeusa.com\/nueva\/#website\"},\"datePublished\":\"2019-06-01T10:41:39+00:00\",\"dateModified\":\"2022-03-22T02:56:02+00:00\",\"breadcrumb\":{\"@id\":\"https:\/\/protegeusa.com\/nueva\/seguros-suplementarios\/#breadcrumb\"},\"inLanguage\":\"en-US\",\"potentialAction\":[{\"@type\":\"ReadAction\",\"target\":[\"https:\/\/protegeusa.com\/nueva\/seguros-suplementarios\/\"]}]},{\"@type\":\"BreadcrumbList\",\"@id\":\"https:\/\/protegeusa.com\/nueva\/seguros-suplementarios\/#breadcrumb\",\"itemListElement\":[{\"@type\":\"ListItem\",\"position\":1,\"name\":\"Home\",\"item\":\"https:\/\/protegeusa.com\/nueva\/\"},{\"@type\":\"ListItem\",\"position\":2,\"name\":\"Seguros Suplementarios\"}]},{\"@type\":\"WebSite\",\"@id\":\"https:\/\/protegeusa.com\/nueva\/#website\",\"url\":\"https:\/\/protegeusa.com\/nueva\/\",\"name\":\"Protege Insurance Group\",\"description\":\"Seguros de Salud y Vida para todos\",\"potentialAction\":[{\"@type\":\"SearchAction\",\"target\":{\"@type\":\"EntryPoint\",\"urlTemplate\":\"https:\/\/protegeusa.com\/nueva\/?s={search_term_string}\"},\"query-input\":{\"@type\":\"PropertyValueSpecification\",\"valueRequired\":true,\"valueName\":\"search_term_string\"}}],\"inLanguage\":\"en-US\"}]}<\/script>\n<!-- \/ Yoast SEO plugin. -->","yoast_head_json":{"title":"Seguros Suplementarios - Protege Insurance Group","robots":{"index":"index","follow":"follow","max-snippet":"max-snippet:-1","max-image-preview":"max-image-preview:large","max-video-preview":"max-video-preview:-1"},"canonical":"https:\/\/protegeusa.com\/nueva\/seguros-suplementarios\/","og_locale":"en_US","og_type":"article","og_title":"Seguros Suplementarios - Protege Insurance Group","og_description":"[vc_row full_width=&#8221;stretch_row&#8221; css=&#8221;.vc_custom_1644803999084{padding-top: 70px !important;background-color: #ffffff !important;}&#8221;][vc_column width=&#8221;1\/4&#8243;][\/vc_column][vc_column width=&#8221;1\/2&#8243;][vc_column_text css_animation=&#8221;fadeInUp&#8221; css=&#8221;.vc_custom_1644599200747{margin-top: 30px !important;}&#8221;] Los seguros suplementarios o complementarios est\u00e1n dise\u00f1ados para ayudar a cubrir los montos no amparados por su seguro primario, m\u00e1s tranquilidad para su pronta recuperaci\u00f3n. [\/vc_column_text][\/vc_column][vc_column width=&#8221;1\/4&#8243;][\/vc_column][\/vc_row][vc_row full_width=&#8221;stretch_row&#8221; css=&#8221;.vc_custom_1644804009850{padding-top: 70px !important;background-color: #ffffff !important;}&#8221;][vc_column][vc_single_image image=&#8221;1627&#8243; img_size=&#8221;full&#8221; alignment=&#8221;center&#8221; css_animation=&#8221;fadeInUp&#8221;][\/vc_column][\/vc_row][vc_row full_width=&#8221;stretch_row&#8221; css=&#8221;.vc_custom_1644804022035{padding-top: 70px !important;background-color: #ffffff [&hellip;]","og_url":"https:\/\/protegeusa.com\/nueva\/seguros-suplementarios\/","og_site_name":"Protege Insurance Group","article_publisher":"https:\/\/www.facebook.com\/ProtegeUSA\/","article_modified_time":"2022-03-22T02:56:02+00:00","twitter_card":"summary_large_image","twitter_site":"@ProtegeUSA","schema":{"@context":"https:\/\/schema.org","@graph":[{"@type":"WebPage","@id":"https:\/\/protegeusa.com\/nueva\/seguros-suplementarios\/","url":"https:\/\/protegeusa.com\/nueva\/seguros-suplementarios\/","name":"Seguros Suplementarios - Protege Insurance Group","isPartOf":{"@id":"https:\/\/protegeusa.com\/nueva\/#website"},"datePublished":"2019-06-01T10:41:39+00:00","dateModified":"2022-03-22T02:56:02+00:00","breadcrumb":{"@id":"https:\/\/protegeusa.com\/nueva\/seguros-suplementarios\/#breadcrumb"},"inLanguage":"en-US","potentialAction":[{"@type":"ReadAction","target":["https:\/\/protegeusa.com\/nueva\/seguros-suplementarios\/"]}]},{"@type":"BreadcrumbList","@id":"https:\/\/protegeusa.com\/nueva\/seguros-suplementarios\/#breadcrumb","itemListElement":[{"@type":"ListItem","position":1,"name":"Home","item":"https:\/\/protegeusa.com\/nueva\/"},{"@type":"ListItem","position":2,"name":"Seguros Suplementarios"}]},{"@type":"WebSite","@id":"https:\/\/protegeusa.com\/nueva\/#website","url":"https:\/\/protegeusa.com\/nueva\/","name":"Protege Insurance Group","description":"Seguros de Salud y Vida para todos","potentialAction":[{"@type":"SearchAction","target":{"@type":"EntryPoint","urlTemplate":"https:\/\/protegeusa.com\/nueva\/?s={search_term_string}"},"query-input":{"@type":"PropertyValueSpecification","valueRequired":true,"valueName":"search_term_string"}}],"inLanguage":"en-US"}]}},"_links":{"self":[{"href":"https:\/\/protegeusa.com\/nueva\/wp-json\/wp\/v2\/pages\/636","targetHints":{"allow":["GET"]}}],"collection":[{"href":"https:\/\/protegeusa.com\/nueva\/wp-json\/wp\/v2\/pages"}],"about":[{"href":"https:\/\/protegeusa.com\/nueva\/wp-json\/wp\/v2\/types\/page"}],"author":[{"embeddable":true,"href":"https:\/\/protegeusa.com\/nueva\/wp-json\/wp\/v2\/users\/4"}],"replies":[{"embeddable":true,"href":"https:\/\/protegeusa.com\/nueva\/wp-json\/wp\/v2\/comments?post=636"}],"version-history":[{"count":71,"href":"https:\/\/protegeusa.com\/nueva\/wp-json\/wp\/v2\/pages\/636\/revisions"}],"predecessor-version":[{"id":2093,"href":"https:\/\/protegeusa.com\/nueva\/wp-json\/wp\/v2\/pages\/636\/revisions\/2093"}],"wp:attachment":[{"href":"https:\/\/protegeusa.com\/nueva\/wp-json\/wp\/v2\/media?parent=636"}],"curies":[{"name":"wp","href":"https:\/\/api.w.org\/{rel}","templated":true}]}}