{"id":1800,"date":"2022-02-13T09:09:46","date_gmt":"2022-02-13T13:09:46","guid":{"rendered":"https:\/\/protegeusa.com\/nueva\/?page_id=1800"},"modified":"2025-12-27T20:12:05","modified_gmt":"2025-12-28T00:12:05","slug":"cobertura-de-vida","status":"publish","type":"page","link":"https:\/\/protegeusa.com\/nueva\/cobertura-de-vida\/","title":{"rendered":"Cobertura de vida"},"content":{"rendered":"<div class=\"wpb-content-wrapper\"><p>[vc_row full_width=&#8221;stretch_row&#8221; css=&#8221;.vc_custom_1644811871970{padding-top: 70px !important;background-color: #ffffff !important;}&#8221;][vc_column]<div class=\"sc_section\" data-animation=\"animated fadeInUp normal\"><div class=\"sc_section_inner\"><h3 class=\"sc_section_title sc_item_title sc_item_title_without_descr\">Cobertura de vida<\/h3><div class=\"sc_section_content_wrap\"><\/div><\/div><\/div>[vc_column_text css_animation=&#8221;fadeInUp&#8221; css=&#8221;.vc_custom_1647884491155{margin-top: 30px !important;}&#8221;]<\/p>\n<p style=\"text-align: center;\">Un seguro de vida brinda protecci\u00f3n financiera para su familia en caso de que usted falte. Con esta cobertura, la compa\u00f1\u00eda de seguros pagar\u00e1 a su familia el monto que usted haya definido dentro de su p\u00f3liza, al momento de su deceso. La buena noticia es que ahora su p\u00f3liza tambi\u00e9n puede incluir caracter\u00edsticas que le permitir\u00edan acceder a una parte del beneficio por fallecimiento si experimenta una condici\u00f3n m\u00e9dica o enfermedad que califique, en vida.<\/p>\n<p style=\"text-align: center;\">\u00bfQu\u00e9 necesidades de protecci\u00f3n cubre el seguro de vida?<\/p>\n<p style=\"text-align: center;\"><strong>1<\/strong> proteja el estilo de vida de sus hijos, c\u00f3nyuge o dependientes en caso de fallecimiento.<br \/>\n<strong>2<\/strong> Acumule fondos para la educaci\u00f3n o la jubilaci\u00f3n.<br \/>\n<strong>3<\/strong> Flexibilidad para financiar eventos inesperados, como enfermedades cr\u00edticas o atenci\u00f3n en instituciones de cuidados especiales.<\/p>\n<p>[\/vc_column_text][\/vc_column][\/vc_row][vc_row full_width=&#8221;stretch_row&#8221; css=&#8221;.vc_custom_1644811889708{padding-top: 70px !important;padding-bottom: 70px !important;background-color: #ffffff !important;}&#8221;][vc_column width=&#8221;1\/6&#8243;][\/vc_column][vc_column width=&#8221;2\/3&#8243;][vc_tta_accordion color=&#8221;white&#8221; gap=&#8221;10&#8243; c_icon=&#8221;triangle&#8221; c_position=&#8221;right&#8221; active_section=&#8221;0&#8243; css_animation=&#8221;fadeInUp&#8221; collapsible_all=&#8221;true&#8221;][vc_tta_section title=&#8221;Seguros permanentes&#8221; tab_id=&#8221;1640564996070-9a9f58a2-e682&#8243;][vc_column_text]El seguro de vida permanente proporciona protecci\u00f3n de por vida, as\u00ed como la capacidad de acumular valor en efectivo que crece con el tiempo. A diferencia de un seguro a t\u00e9rmino, una p\u00f3liza de seguro permanente se mantendr\u00e1 en vigencia durante todo el tiempo que continue pagando la prima.<\/p>\n<p>Tambi\u00e9n ofrece otras ventajas, como el valor en efectivo que crece con el tiempo y la posibilidad de usarlo para:<\/p>\n<ul>\n<li>Adquirir su primera vivienda<\/li>\n<li>Cubrir los estudios de sus hijos<\/li>\n<li>Realizar esas vacaciones que siempre ha so\u00f1ado<\/li>\n<\/ul>\n<p>[\/vc_column_text][\/vc_tta_section][vc_tta_section title=&#8221;Seguros de t\u00e9rmino&#8221; tab_id=&#8221;1644599647871-5dc4cefb-adba&#8221;][vc_column_text]El seguro de vida a t\u00e9rmino ofrece protecci\u00f3n durante el tiempo o t\u00e9rmino de vigencia de la p\u00f3liza, que puede ir de 5 a 30 a\u00f1os. Esta opci\u00f3n es atractiva para aquellos que quieran asegurar coberturas para ciertas responsabilidades financieras espec\u00edficas, como la hipoteca de la casa o gastos universitarios de los hijos, pero esta modalidad no genera valor en efectivo para el asegurado.<\/p>\n<p>Puede elegir el t\u00e9rmino de tiempo que quiere para su p\u00f3liza, la desventaja es que si decide renovarla o extender el tiempo, el costo de la nueva prima mensual normalmente es supremamente elevado.[\/vc_column_text][\/vc_tta_section][vc_tta_section title=&#8221;Anualidades&#8221; tab_id=&#8221;1644758706727-aca33775-bf87&#8243;][vc_column_text]Una anualidad es una herramienta de jubilaci\u00f3n a largo plazo, que puede ser la piedra angular de su seguridad y \u00e9xito financiero.<\/p>\n<p>Puede ayudarle a proteger y hacer crecer sus ahorros para la jubilaci\u00f3n, o puede convertirlos en ingresos garantizados de por vida.<\/p>\n<p>\u00bfBusca ingresos de jubilaci\u00f3n con los que pueda contar?<\/p>\n<p>Si le hacen falta entre 5 y 15 a\u00f1os para su jubilaci\u00f3n, ahora puede ser un buen momento para asegurarse de que est\u00e9 bien encaminado y comenzar a pensar en c\u00f3mo convertir sus ahorros en ingresos futuros para la jubilaci\u00f3n. Nosotros le podemos ayudar.<\/p>\n<p>\u00bfQu\u00e9 necesidades tiene?<\/p>\n<p>\u00bfQuiere hacer crecer sus ahorros para la jubilaci\u00f3n?<\/p>\n<p>\u00bfSe acerca a la jubilaci\u00f3n y desea convertir sus ahorros en ingresos?<\/p>\n<p>\u00bfUna combinaci\u00f3n de ambos?<\/p>\n<p>Ofrecemos una serie de productos que pueden brindar protecci\u00f3n contra p\u00e9rdidas, potencial de crecimiento o ingresos garantizados de por vida.<\/p>\n<p>Exploremos qu\u00e9 soluciones de anualidades pueden satisfacer sus necesidades.[\/vc_column_text][\/vc_tta_section][vc_tta_section title=&#8221;Gastos finales&#8221; tab_id=&#8221;1644758975134-9f463017-07a8&#8243;][vc_column_text]El seguro de gastos finales est\u00e1 dise\u00f1ado para cubrir gastos m\u00e9dicos y funerarios cuando fallece. Una p\u00f3liza de gastos finales tambi\u00e9n se conoce como un seguro funerario y es bastante popular entre los adultos mayores.<\/p>\n<p>Caracter\u00edsticas:<\/p>\n<ul>\n<li>Seguro de vida sin vencimiento, al mantener los pagos de las primas.<\/li>\n<li>Valor en efectivo<\/li>\n<li>Primas fijas<\/li>\n<li>Emisi\u00f3n simplificada (Generalmente no se requiere examen m\u00e9dico, solo preguntas del estado de salud)<\/li>\n<li>R\u00e1pida Aprobaci\u00f3n<\/li>\n<li>Tarifas asequibles<\/li>\n<\/ul>\n<p>[\/vc_column_text][\/vc_tta_section][vc_tta_section title=&#8221;Previsi\u00f3n funeraria&#8221; tab_id=&#8221;1644759067970-a6482f4a-0597&#8243;][vc_column_text]Un Plan de Previsi\u00f3n Funeraria es una cobertura integral que genera tranquilidad para usted y su familia, protegi\u00e9ndolos contra los crecientes costos de los servicios funerarios que se ofrecen en el mercado.<\/p>\n<p>Principales beneficios:<\/p>\n<ul>\n<li>Asesor\u00eda para adelantar los tr\u00e1mites de los Servicios Funerarios.<\/li>\n<li>Cobertura Internacional: Estados Unidos, Canad\u00e1, Espa\u00f1a y Latinoam\u00e9rica.<\/li>\n<li>Repatriaci\u00f3n desde Estados Unidos, Canad\u00e1 y Espa\u00f1a hacia Latinoam\u00e9rica.<\/li>\n<li>Tratamiento y preparaci\u00f3n del cuerpo.<\/li>\n<li>Sala de velaci\u00f3n.<\/li>\n<li>Cofre f\u00fanebre.<\/li>\n<li>Servicio religioso.<\/li>\n<li>Carroza f\u00fanebre.<\/li>\n<li>Cinta y arreglo floral para el ata\u00fad.<\/li>\n<li>Transporte del cad\u00e1ver.<\/li>\n<li>Servicio de cremaci\u00f3n.<\/li>\n<li>Licencias de inhumaci\u00f3n o cremaci\u00f3n.<\/li>\n<li>Tr\u00e1mites civiles y eclesi\u00e1sticos.<\/li>\n<li>Ampara cualquier tipo de muerte por enfermedad o accidente.<\/li>\n<li>Servicio de ayuda psicol\u00f3gica para familiares.<\/li>\n<\/ul>\n<p>[\/vc_column_text][\/vc_tta_section][\/vc_tta_accordion][\/vc_column][vc_column width=&#8221;1\/6&#8243;][\/vc_column][\/vc_row][vc_row full_width=&#8221;stretch_row&#8221; css_animation=&#8221;none&#8221; inverse=&#8221;&#8221; css=&#8221;.vc_custom_1644811919360{padding-top: 70px !important;background: #ffffff url(https:\/\/protegeusa.com\/nueva\/wp-content\/uploads\/2022\/02\/background-contact-10_Mesa-de-trabajo-1-copia-8.png?id=1735) !important;background-position: center !important;background-repeat: no-repeat !important;background-size: cover !important;}&#8221;][vc_column css_animation=&#8221;fadeInLeft&#8221; width=&#8221;1\/2&#8243; css=&#8221;.vc_custom_1644811932239{padding-bottom: 50px !important;}&#8221;]<div class=\"sc_section\"><div class=\"sc_section_inner\"><h3 class=\"sc_section_title sc_item_title sc_item_title_without_descr\">Cotizar ahora<\/h3><div class=\"sc_section_content_wrap\"><\/div><\/div><\/div>[vc_raw_js]JTNDc2NyaXB0JTIwZGF0YS1iMjQtZm9ybSUzRCUyMmlubGluZSUyRjMyJTJGcmhpcDAwJTIyJTIwZGF0YS1za2lwLW1vdmluZyUzRCUyMnRydWUlMjIlM0UlMEElMjhmdW5jdGlvbiUyOHclMkNkJTJDdSUyOSU3QiUwQXZhciUyMHMlM0RkLmNyZWF0ZUVsZW1lbnQlMjglMjdzY3JpcHQlMjclMjklM0JzLmFzeW5jJTNEdHJ1ZSUzQnMuc3JjJTNEdSUyQiUyNyUzRiUyNyUyQiUyOERhdGUubm93JTI4JTI5JTJGMTgwMDAwJTdDMCUyOSUzQiUwQXZhciUyMGglM0RkLmdldEVsZW1lbnRzQnlUYWdOYW1lJTI4JTI3c2NyaXB0JTI3JTI5JTVCMCU1RCUzQmgucGFyZW50Tm9kZS5pbnNlcnRCZWZvcmUlMjhzJTJDaCUyOSUzQiUwQSU3RCUyOSUyOHdpbmRvdyUyQ2RvY3VtZW50JTJDJTI3aHR0cHMlM0ElMkYlMkZjZG4uYml0cml4MjQuY29tJTJGYjE5MTY5MDE3JTJGY3JtJTJGZm9ybSUyRmxvYWRlcl8zMi5qcyUyNyUyOSUzQiUwQSUzQyUyRnNjcmlwdCUzRQ==[\/vc_raw_js][\/vc_column][vc_column width=&#8221;1\/2&#8243; css=&#8221;.vc_custom_1644617240078{margin-left: 70px !important;}&#8221;][\/vc_column][\/vc_row]<\/p>\n<\/div>","protected":false},"excerpt":{"rendered":"<p>[vc_row full_width=&#8221;stretch_row&#8221; css=&#8221;.vc_custom_1644811871970{padding-top: 70px !important;background-color: #ffffff !important;}&#8221;][vc_column][vc_column_text css_animation=&#8221;fadeInUp&#8221; css=&#8221;.vc_custom_1647884491155{margin-top: 30px !important;}&#8221;] Un seguro de vida brinda protecci\u00f3n financiera para su familia en caso de que usted falte. Con esta cobertura, la compa\u00f1\u00eda de seguros pagar\u00e1 a su familia el monto que usted haya definido dentro de su p\u00f3liza, al momento de su deceso. La buena [&hellip;]<\/p>\n","protected":false},"author":4,"featured_media":0,"parent":0,"menu_order":0,"comment_status":"closed","ping_status":"closed","template":"","meta":{"footnotes":""},"class_list":["post-1800","page","type-page","status-publish","hentry"],"yoast_head":"<!-- This site is optimized with the Yoast SEO plugin v27.2 - https:\/\/yoast.com\/product\/yoast-seo-wordpress\/ -->\n<title>Cobertura de vida - Protege Insurance Group<\/title>\n<meta name=\"robots\" content=\"index, follow, max-snippet:-1, max-image-preview:large, max-video-preview:-1\" \/>\n<link rel=\"canonical\" href=\"https:\/\/protegeusa.com\/nueva\/cobertura-de-vida\/\" \/>\n<meta property=\"og:locale\" content=\"en_US\" \/>\n<meta property=\"og:type\" content=\"article\" \/>\n<meta property=\"og:title\" content=\"Cobertura de vida - Protege Insurance Group\" \/>\n<meta property=\"og:description\" content=\"[vc_row full_width=&#8221;stretch_row&#8221; css=&#8221;.vc_custom_1644811871970{padding-top: 70px !important;background-color: #ffffff !important;}&#8221;][vc_column][vc_column_text css_animation=&#8221;fadeInUp&#8221; css=&#8221;.vc_custom_1647884491155{margin-top: 30px !important;}&#8221;] Un seguro de vida brinda protecci\u00f3n financiera para su familia en caso de que usted falte. Con esta cobertura, la compa\u00f1\u00eda de seguros pagar\u00e1 a su familia el monto que usted haya definido dentro de su p\u00f3liza, al momento de su deceso. La buena [&hellip;]\" \/>\n<meta property=\"og:url\" content=\"https:\/\/protegeusa.com\/nueva\/cobertura-de-vida\/\" \/>\n<meta property=\"og:site_name\" content=\"Protege Insurance Group\" \/>\n<meta property=\"article:publisher\" content=\"https:\/\/www.facebook.com\/ProtegeUSA\/\" \/>\n<meta property=\"article:modified_time\" content=\"2025-12-28T00:12:05+00:00\" \/>\n<meta name=\"twitter:card\" content=\"summary_large_image\" \/>\n<meta name=\"twitter:site\" content=\"@ProtegeUSA\" \/>\n<script type=\"application\/ld+json\" class=\"yoast-schema-graph\">{\"@context\":\"https:\/\/schema.org\",\"@graph\":[{\"@type\":\"WebPage\",\"@id\":\"https:\/\/protegeusa.com\/nueva\/cobertura-de-vida\/\",\"url\":\"https:\/\/protegeusa.com\/nueva\/cobertura-de-vida\/\",\"name\":\"Cobertura de vida - Protege Insurance Group\",\"isPartOf\":{\"@id\":\"https:\/\/protegeusa.com\/nueva\/#website\"},\"datePublished\":\"2022-02-13T13:09:46+00:00\",\"dateModified\":\"2025-12-28T00:12:05+00:00\",\"breadcrumb\":{\"@id\":\"https:\/\/protegeusa.com\/nueva\/cobertura-de-vida\/#breadcrumb\"},\"inLanguage\":\"en-US\",\"potentialAction\":[{\"@type\":\"ReadAction\",\"target\":[\"https:\/\/protegeusa.com\/nueva\/cobertura-de-vida\/\"]}]},{\"@type\":\"BreadcrumbList\",\"@id\":\"https:\/\/protegeusa.com\/nueva\/cobertura-de-vida\/#breadcrumb\",\"itemListElement\":[{\"@type\":\"ListItem\",\"position\":1,\"name\":\"Home\",\"item\":\"https:\/\/protegeusa.com\/nueva\/\"},{\"@type\":\"ListItem\",\"position\":2,\"name\":\"Cobertura de vida\"}]},{\"@type\":\"WebSite\",\"@id\":\"https:\/\/protegeusa.com\/nueva\/#website\",\"url\":\"https:\/\/protegeusa.com\/nueva\/\",\"name\":\"Protege Insurance Group\",\"description\":\"Seguros de Salud y Vida para todos\",\"potentialAction\":[{\"@type\":\"SearchAction\",\"target\":{\"@type\":\"EntryPoint\",\"urlTemplate\":\"https:\/\/protegeusa.com\/nueva\/?s={search_term_string}\"},\"query-input\":{\"@type\":\"PropertyValueSpecification\",\"valueRequired\":true,\"valueName\":\"search_term_string\"}}],\"inLanguage\":\"en-US\"}]}<\/script>\n<!-- \/ Yoast SEO plugin. -->","yoast_head_json":{"title":"Cobertura de vida - Protege Insurance Group","robots":{"index":"index","follow":"follow","max-snippet":"max-snippet:-1","max-image-preview":"max-image-preview:large","max-video-preview":"max-video-preview:-1"},"canonical":"https:\/\/protegeusa.com\/nueva\/cobertura-de-vida\/","og_locale":"en_US","og_type":"article","og_title":"Cobertura de vida - Protege Insurance Group","og_description":"[vc_row full_width=&#8221;stretch_row&#8221; css=&#8221;.vc_custom_1644811871970{padding-top: 70px !important;background-color: #ffffff !important;}&#8221;][vc_column][vc_column_text css_animation=&#8221;fadeInUp&#8221; css=&#8221;.vc_custom_1647884491155{margin-top: 30px !important;}&#8221;] Un seguro de vida brinda protecci\u00f3n financiera para su familia en caso de que usted falte. Con esta cobertura, la compa\u00f1\u00eda de seguros pagar\u00e1 a su familia el monto que usted haya definido dentro de su p\u00f3liza, al momento de su deceso. La buena [&hellip;]","og_url":"https:\/\/protegeusa.com\/nueva\/cobertura-de-vida\/","og_site_name":"Protege Insurance Group","article_publisher":"https:\/\/www.facebook.com\/ProtegeUSA\/","article_modified_time":"2025-12-28T00:12:05+00:00","twitter_card":"summary_large_image","twitter_site":"@ProtegeUSA","schema":{"@context":"https:\/\/schema.org","@graph":[{"@type":"WebPage","@id":"https:\/\/protegeusa.com\/nueva\/cobertura-de-vida\/","url":"https:\/\/protegeusa.com\/nueva\/cobertura-de-vida\/","name":"Cobertura de vida - Protege Insurance Group","isPartOf":{"@id":"https:\/\/protegeusa.com\/nueva\/#website"},"datePublished":"2022-02-13T13:09:46+00:00","dateModified":"2025-12-28T00:12:05+00:00","breadcrumb":{"@id":"https:\/\/protegeusa.com\/nueva\/cobertura-de-vida\/#breadcrumb"},"inLanguage":"en-US","potentialAction":[{"@type":"ReadAction","target":["https:\/\/protegeusa.com\/nueva\/cobertura-de-vida\/"]}]},{"@type":"BreadcrumbList","@id":"https:\/\/protegeusa.com\/nueva\/cobertura-de-vida\/#breadcrumb","itemListElement":[{"@type":"ListItem","position":1,"name":"Home","item":"https:\/\/protegeusa.com\/nueva\/"},{"@type":"ListItem","position":2,"name":"Cobertura de vida"}]},{"@type":"WebSite","@id":"https:\/\/protegeusa.com\/nueva\/#website","url":"https:\/\/protegeusa.com\/nueva\/","name":"Protege Insurance Group","description":"Seguros de Salud y Vida para todos","potentialAction":[{"@type":"SearchAction","target":{"@type":"EntryPoint","urlTemplate":"https:\/\/protegeusa.com\/nueva\/?s={search_term_string}"},"query-input":{"@type":"PropertyValueSpecification","valueRequired":true,"valueName":"search_term_string"}}],"inLanguage":"en-US"}]}},"_links":{"self":[{"href":"https:\/\/protegeusa.com\/nueva\/wp-json\/wp\/v2\/pages\/1800","targetHints":{"allow":["GET"]}}],"collection":[{"href":"https:\/\/protegeusa.com\/nueva\/wp-json\/wp\/v2\/pages"}],"about":[{"href":"https:\/\/protegeusa.com\/nueva\/wp-json\/wp\/v2\/types\/page"}],"author":[{"embeddable":true,"href":"https:\/\/protegeusa.com\/nueva\/wp-json\/wp\/v2\/users\/4"}],"replies":[{"embeddable":true,"href":"https:\/\/protegeusa.com\/nueva\/wp-json\/wp\/v2\/comments?post=1800"}],"version-history":[{"count":9,"href":"https:\/\/protegeusa.com\/nueva\/wp-json\/wp\/v2\/pages\/1800\/revisions"}],"predecessor-version":[{"id":2087,"href":"https:\/\/protegeusa.com\/nueva\/wp-json\/wp\/v2\/pages\/1800\/revisions\/2087"}],"wp:attachment":[{"href":"https:\/\/protegeusa.com\/nueva\/wp-json\/wp\/v2\/media?parent=1800"}],"curies":[{"name":"wp","href":"https:\/\/api.w.org\/{rel}","templated":true}]}}