{"id":1740,"date":"2022-02-12T14:37:14","date_gmt":"2022-02-12T18:37:14","guid":{"rendered":"https:\/\/protegeusa.com\/nueva\/?page_id=1740"},"modified":"2025-12-27T20:12:06","modified_gmt":"2025-12-28T00:12:06","slug":"planes-de-descuento","status":"publish","type":"page","link":"https:\/\/protegeusa.com\/nueva\/planes-de-descuento\/","title":{"rendered":"Planes de descuento"},"content":{"rendered":"<div class=\"wpb-content-wrapper\"><p>[vc_row full_width=&#8221;stretch_row&#8221; css=&#8221;.vc_custom_1644804626643{padding-top: 70px !important;background-color: #ffffff !important;}&#8221;][vc_column width=&#8221;1\/4&#8243;][\/vc_column][vc_column width=&#8221;1\/2&#8243;]<div class=\"sc_section\" data-animation=\"animated fadeInUp normal\"><div class=\"sc_section_inner\"><h3 class=\"sc_section_title sc_item_title sc_item_title_without_descr\">Planes de descuento<\/h3><div class=\"sc_section_content_wrap\"><\/div><\/div><\/div>[vc_column_text css_animation=&#8221;fadeInUp&#8221; css=&#8221;.vc_custom_1647884075543{margin-top: 30px !important;}&#8221;]<\/p>\n<p style=\"text-align: center;\">Contamos con los mejores planes de descuento pensados especialmente para protegerlo y a los que m\u00e1s quiere.<\/p>\n<p>[\/vc_column_text][\/vc_column][vc_column width=&#8221;1\/4&#8243;][\/vc_column][\/vc_row][vc_row full_width=&#8221;stretch_row&#8221; css=&#8221;.vc_custom_1644804647917{padding-top: 70px !important;padding-bottom: 70px !important;background-color: #ffffff !important;}&#8221;][vc_column width=&#8221;1\/6&#8243;][\/vc_column][vc_column width=&#8221;2\/3&#8243;][vc_tta_accordion color=&#8221;white&#8221; gap=&#8221;10&#8243; c_icon=&#8221;triangle&#8221; c_position=&#8221;right&#8221; active_section=&#8221;0&#8243; css_animation=&#8221;fadeInUp&#8221; collapsible_all=&#8221;true&#8221;][vc_tta_section title=&#8221;Plan de descuento m\u00e9dico&#8221; tab_id=&#8221;1640564996070-9a9f58a2-e682&#8243;][vc_column_text]Si no calificas a un seguro de salud primario, los planes de descuento m\u00e9dico son una opci\u00f3n para que pueda obtener una protecci\u00f3n alternativa.<\/p>\n<p>No permita que la definici\u00f3n de su estatus legal le impida tener acceso a los servicios m\u00e9dicos, o que sus finanzas se impacten por altos costos hospitalarios que deba enfrentar por falta de cobertura.<\/p>\n<p>Los planes de descuento le permiten reducir sus gastos m\u00e9dicos, gracias a los grandes descuentos en los siguientes servicios:<\/p>\n<ul>\n<li>Cuidados primarios y especializados<\/li>\n<li>An\u00e1lisis de laboratorio<\/li>\n<li>Radiolog\u00eda diagn\u00f3stica<\/li>\n<li>Medicamentos gen\u00e9ricos<\/li>\n<li>Centros de urgencia<\/li>\n<\/ul>\n<p>[\/vc_column_text][\/vc_tta_section][vc_tta_section title=&#8221;Planes de Descuento Dental&#8221; tab_id=&#8221;1644599647871-5dc4cefb-adba&#8221;][vc_column_text]Los planes dentales son programas de membres\u00eda con descuentos exclusivos, que pueden ser superiores al 50%, por los acuerdos tarifarios existentes, que le permiten unirse y ahorrar mucho en cada visita odontol\u00f3gica, por solo una peque\u00f1a tarifa menor a $10 por mes.<\/p>\n<ul>\n<li>No tiene deducibles<\/li>\n<li>Su uso es ilimitado<\/li>\n<li>Se aceptan todas las condiciones dentales<\/li>\n<li>Active su plan en 5 minutos<\/li>\n<\/ul>\n<p>[\/vc_column_text][\/vc_tta_section][\/vc_tta_accordion][\/vc_column][vc_column width=&#8221;1\/6&#8243;][\/vc_column][\/vc_row][vc_row full_width=&#8221;stretch_row&#8221; css_animation=&#8221;fadeInRight&#8221; inverse=&#8221;&#8221; css=&#8221;.vc_custom_1644804662459{padding-top: 70px !important;background: #ffffff url(https:\/\/protegeusa.com\/nueva\/wp-content\/uploads\/2022\/02\/background-contact-10_Mesa-de-trabajo-1-copia-8.png?id=1735) !important;background-position: center !important;background-repeat: no-repeat !important;background-size: cover !important;}&#8221;][vc_column width=&#8221;1\/2&#8243; css=&#8221;.vc_custom_1644689465088{padding-bottom: 50px !important;}&#8221;]<div class=\"sc_section\"><div class=\"sc_section_inner\"><h3 class=\"sc_section_title sc_item_title sc_item_title_without_descr\">Escr\u00edbanos<\/h3><div class=\"sc_section_content_wrap\"><\/div><\/div><\/div>[vc_raw_js]JTNDc2NyaXB0JTIwZGF0YS1iMjQtZm9ybSUzRCUyMmlubGluZSUyRjMyJTJGcmhpcDAwJTIyJTIwZGF0YS1za2lwLW1vdmluZyUzRCUyMnRydWUlMjIlM0UlMEElMjhmdW5jdGlvbiUyOHclMkNkJTJDdSUyOSU3QiUwQXZhciUyMHMlM0RkLmNyZWF0ZUVsZW1lbnQlMjglMjdzY3JpcHQlMjclMjklM0JzLmFzeW5jJTNEdHJ1ZSUzQnMuc3JjJTNEdSUyQiUyNyUzRiUyNyUyQiUyOERhdGUubm93JTI4JTI5JTJGMTgwMDAwJTdDMCUyOSUzQiUwQXZhciUyMGglM0RkLmdldEVsZW1lbnRzQnlUYWdOYW1lJTI4JTI3c2NyaXB0JTI3JTI5JTVCMCU1RCUzQmgucGFyZW50Tm9kZS5pbnNlcnRCZWZvcmUlMjhzJTJDaCUyOSUzQiUwQSU3RCUyOSUyOHdpbmRvdyUyQ2RvY3VtZW50JTJDJTI3aHR0cHMlM0ElMkYlMkZjZG4uYml0cml4MjQuY29tJTJGYjE5MTY5MDE3JTJGY3JtJTJGZm9ybSUyRmxvYWRlcl8zMi5qcyUyNyUyOSUzQiUwQSUzQyUyRnNjcmlwdCUzRQ==[\/vc_raw_js][\/vc_column][vc_column width=&#8221;1\/2&#8243; css=&#8221;.vc_custom_1644617240078{margin-left: 70px !important;}&#8221;][\/vc_column][\/vc_row]<\/p>\n<\/div>","protected":false},"excerpt":{"rendered":"<p>[vc_row full_width=&#8221;stretch_row&#8221; css=&#8221;.vc_custom_1644804626643{padding-top: 70px !important;background-color: #ffffff !important;}&#8221;][vc_column width=&#8221;1\/4&#8243;][\/vc_column][vc_column width=&#8221;1\/2&#8243;][vc_column_text css_animation=&#8221;fadeInUp&#8221; css=&#8221;.vc_custom_1647884075543{margin-top: 30px !important;}&#8221;] Contamos con los mejores planes de descuento pensados especialmente para protegerlo y a los que m\u00e1s quiere. [\/vc_column_text][\/vc_column][vc_column width=&#8221;1\/4&#8243;][\/vc_column][\/vc_row][vc_row full_width=&#8221;stretch_row&#8221; css=&#8221;.vc_custom_1644804647917{padding-top: 70px !important;padding-bottom: 70px !important;background-color: #ffffff !important;}&#8221;][vc_column width=&#8221;1\/6&#8243;][\/vc_column][vc_column width=&#8221;2\/3&#8243;][vc_tta_accordion color=&#8221;white&#8221; gap=&#8221;10&#8243; c_icon=&#8221;triangle&#8221; c_position=&#8221;right&#8221; active_section=&#8221;0&#8243; css_animation=&#8221;fadeInUp&#8221; collapsible_all=&#8221;true&#8221;][vc_tta_section title=&#8221;Plan de descuento m\u00e9dico&#8221; tab_id=&#8221;1640564996070-9a9f58a2-e682&#8243;][vc_column_text]Si no [&hellip;]<\/p>\n","protected":false},"author":4,"featured_media":0,"parent":0,"menu_order":0,"comment_status":"closed","ping_status":"closed","template":"","meta":{"footnotes":""},"class_list":["post-1740","page","type-page","status-publish","hentry"],"yoast_head":"<!-- This site is optimized with the Yoast SEO plugin v27.2 - https:\/\/yoast.com\/product\/yoast-seo-wordpress\/ -->\n<title>Planes de descuento - Protege Insurance Group<\/title>\n<meta name=\"robots\" content=\"index, follow, max-snippet:-1, max-image-preview:large, max-video-preview:-1\" \/>\n<link rel=\"canonical\" href=\"https:\/\/protegeusa.com\/nueva\/planes-de-descuento\/\" \/>\n<meta property=\"og:locale\" content=\"en_US\" \/>\n<meta property=\"og:type\" content=\"article\" \/>\n<meta property=\"og:title\" content=\"Planes de descuento - Protege Insurance Group\" \/>\n<meta property=\"og:description\" content=\"[vc_row full_width=&#8221;stretch_row&#8221; css=&#8221;.vc_custom_1644804626643{padding-top: 70px !important;background-color: #ffffff !important;}&#8221;][vc_column width=&#8221;1\/4&#8243;][\/vc_column][vc_column width=&#8221;1\/2&#8243;][vc_column_text css_animation=&#8221;fadeInUp&#8221; css=&#8221;.vc_custom_1647884075543{margin-top: 30px !important;}&#8221;] Contamos con los mejores planes de descuento pensados especialmente para protegerlo y a los que m\u00e1s quiere. [\/vc_column_text][\/vc_column][vc_column width=&#8221;1\/4&#8243;][\/vc_column][\/vc_row][vc_row full_width=&#8221;stretch_row&#8221; css=&#8221;.vc_custom_1644804647917{padding-top: 70px !important;padding-bottom: 70px !important;background-color: #ffffff !important;}&#8221;][vc_column width=&#8221;1\/6&#8243;][\/vc_column][vc_column width=&#8221;2\/3&#8243;][vc_tta_accordion color=&#8221;white&#8221; gap=&#8221;10&#8243; c_icon=&#8221;triangle&#8221; c_position=&#8221;right&#8221; active_section=&#8221;0&#8243; css_animation=&#8221;fadeInUp&#8221; collapsible_all=&#8221;true&#8221;][vc_tta_section title=&#8221;Plan de descuento m\u00e9dico&#8221; tab_id=&#8221;1640564996070-9a9f58a2-e682&#8243;][vc_column_text]Si no [&hellip;]\" \/>\n<meta property=\"og:url\" content=\"https:\/\/protegeusa.com\/nueva\/planes-de-descuento\/\" \/>\n<meta property=\"og:site_name\" content=\"Protege Insurance Group\" \/>\n<meta property=\"article:publisher\" content=\"https:\/\/www.facebook.com\/ProtegeUSA\/\" \/>\n<meta property=\"article:modified_time\" content=\"2025-12-28T00:12:06+00:00\" \/>\n<meta name=\"twitter:card\" content=\"summary_large_image\" \/>\n<meta name=\"twitter:site\" content=\"@ProtegeUSA\" \/>\n<script type=\"application\/ld+json\" class=\"yoast-schema-graph\">{\"@context\":\"https:\/\/schema.org\",\"@graph\":[{\"@type\":\"WebPage\",\"@id\":\"https:\/\/protegeusa.com\/nueva\/planes-de-descuento\/\",\"url\":\"https:\/\/protegeusa.com\/nueva\/planes-de-descuento\/\",\"name\":\"Planes de descuento - Protege Insurance Group\",\"isPartOf\":{\"@id\":\"https:\/\/protegeusa.com\/nueva\/#website\"},\"datePublished\":\"2022-02-12T18:37:14+00:00\",\"dateModified\":\"2025-12-28T00:12:06+00:00\",\"breadcrumb\":{\"@id\":\"https:\/\/protegeusa.com\/nueva\/planes-de-descuento\/#breadcrumb\"},\"inLanguage\":\"en-US\",\"potentialAction\":[{\"@type\":\"ReadAction\",\"target\":[\"https:\/\/protegeusa.com\/nueva\/planes-de-descuento\/\"]}]},{\"@type\":\"BreadcrumbList\",\"@id\":\"https:\/\/protegeusa.com\/nueva\/planes-de-descuento\/#breadcrumb\",\"itemListElement\":[{\"@type\":\"ListItem\",\"position\":1,\"name\":\"Home\",\"item\":\"https:\/\/protegeusa.com\/nueva\/\"},{\"@type\":\"ListItem\",\"position\":2,\"name\":\"Planes de descuento\"}]},{\"@type\":\"WebSite\",\"@id\":\"https:\/\/protegeusa.com\/nueva\/#website\",\"url\":\"https:\/\/protegeusa.com\/nueva\/\",\"name\":\"Protege Insurance Group\",\"description\":\"Seguros de Salud y Vida para todos\",\"potentialAction\":[{\"@type\":\"SearchAction\",\"target\":{\"@type\":\"EntryPoint\",\"urlTemplate\":\"https:\/\/protegeusa.com\/nueva\/?s={search_term_string}\"},\"query-input\":{\"@type\":\"PropertyValueSpecification\",\"valueRequired\":true,\"valueName\":\"search_term_string\"}}],\"inLanguage\":\"en-US\"}]}<\/script>\n<!-- \/ Yoast SEO plugin. -->","yoast_head_json":{"title":"Planes de descuento - Protege Insurance Group","robots":{"index":"index","follow":"follow","max-snippet":"max-snippet:-1","max-image-preview":"max-image-preview:large","max-video-preview":"max-video-preview:-1"},"canonical":"https:\/\/protegeusa.com\/nueva\/planes-de-descuento\/","og_locale":"en_US","og_type":"article","og_title":"Planes de descuento - Protege Insurance Group","og_description":"[vc_row full_width=&#8221;stretch_row&#8221; css=&#8221;.vc_custom_1644804626643{padding-top: 70px !important;background-color: #ffffff !important;}&#8221;][vc_column width=&#8221;1\/4&#8243;][\/vc_column][vc_column width=&#8221;1\/2&#8243;][vc_column_text css_animation=&#8221;fadeInUp&#8221; css=&#8221;.vc_custom_1647884075543{margin-top: 30px !important;}&#8221;] Contamos con los mejores planes de descuento pensados especialmente para protegerlo y a los que m\u00e1s quiere. [\/vc_column_text][\/vc_column][vc_column width=&#8221;1\/4&#8243;][\/vc_column][\/vc_row][vc_row full_width=&#8221;stretch_row&#8221; css=&#8221;.vc_custom_1644804647917{padding-top: 70px !important;padding-bottom: 70px !important;background-color: #ffffff !important;}&#8221;][vc_column width=&#8221;1\/6&#8243;][\/vc_column][vc_column width=&#8221;2\/3&#8243;][vc_tta_accordion color=&#8221;white&#8221; gap=&#8221;10&#8243; c_icon=&#8221;triangle&#8221; c_position=&#8221;right&#8221; active_section=&#8221;0&#8243; css_animation=&#8221;fadeInUp&#8221; collapsible_all=&#8221;true&#8221;][vc_tta_section title=&#8221;Plan de descuento m\u00e9dico&#8221; tab_id=&#8221;1640564996070-9a9f58a2-e682&#8243;][vc_column_text]Si no [&hellip;]","og_url":"https:\/\/protegeusa.com\/nueva\/planes-de-descuento\/","og_site_name":"Protege Insurance Group","article_publisher":"https:\/\/www.facebook.com\/ProtegeUSA\/","article_modified_time":"2025-12-28T00:12:06+00:00","twitter_card":"summary_large_image","twitter_site":"@ProtegeUSA","schema":{"@context":"https:\/\/schema.org","@graph":[{"@type":"WebPage","@id":"https:\/\/protegeusa.com\/nueva\/planes-de-descuento\/","url":"https:\/\/protegeusa.com\/nueva\/planes-de-descuento\/","name":"Planes de descuento - Protege Insurance Group","isPartOf":{"@id":"https:\/\/protegeusa.com\/nueva\/#website"},"datePublished":"2022-02-12T18:37:14+00:00","dateModified":"2025-12-28T00:12:06+00:00","breadcrumb":{"@id":"https:\/\/protegeusa.com\/nueva\/planes-de-descuento\/#breadcrumb"},"inLanguage":"en-US","potentialAction":[{"@type":"ReadAction","target":["https:\/\/protegeusa.com\/nueva\/planes-de-descuento\/"]}]},{"@type":"BreadcrumbList","@id":"https:\/\/protegeusa.com\/nueva\/planes-de-descuento\/#breadcrumb","itemListElement":[{"@type":"ListItem","position":1,"name":"Home","item":"https:\/\/protegeusa.com\/nueva\/"},{"@type":"ListItem","position":2,"name":"Planes de descuento"}]},{"@type":"WebSite","@id":"https:\/\/protegeusa.com\/nueva\/#website","url":"https:\/\/protegeusa.com\/nueva\/","name":"Protege Insurance Group","description":"Seguros de Salud y Vida para todos","potentialAction":[{"@type":"SearchAction","target":{"@type":"EntryPoint","urlTemplate":"https:\/\/protegeusa.com\/nueva\/?s={search_term_string}"},"query-input":{"@type":"PropertyValueSpecification","valueRequired":true,"valueName":"search_term_string"}}],"inLanguage":"en-US"}]}},"_links":{"self":[{"href":"https:\/\/protegeusa.com\/nueva\/wp-json\/wp\/v2\/pages\/1740","targetHints":{"allow":["GET"]}}],"collection":[{"href":"https:\/\/protegeusa.com\/nueva\/wp-json\/wp\/v2\/pages"}],"about":[{"href":"https:\/\/protegeusa.com\/nueva\/wp-json\/wp\/v2\/types\/page"}],"author":[{"embeddable":true,"href":"https:\/\/protegeusa.com\/nueva\/wp-json\/wp\/v2\/users\/4"}],"replies":[{"embeddable":true,"href":"https:\/\/protegeusa.com\/nueva\/wp-json\/wp\/v2\/comments?post=1740"}],"version-history":[{"count":7,"href":"https:\/\/protegeusa.com\/nueva\/wp-json\/wp\/v2\/pages\/1740\/revisions"}],"predecessor-version":[{"id":2089,"href":"https:\/\/protegeusa.com\/nueva\/wp-json\/wp\/v2\/pages\/1740\/revisions\/2089"}],"wp:attachment":[{"href":"https:\/\/protegeusa.com\/nueva\/wp-json\/wp\/v2\/media?parent=1740"}],"curies":[{"name":"wp","href":"https:\/\/api.w.org\/{rel}","templated":true}]}}