{"id":1682,"date":"2022-02-12T04:25:38","date_gmt":"2022-02-12T08:25:38","guid":{"rendered":"https:\/\/protegeusa.com\/nueva\/?page_id=1682"},"modified":"2022-03-19T17:11:24","modified_gmt":"2022-03-19T21:11:24","slug":"seguros-primarios","status":"publish","type":"page","link":"https:\/\/protegeusa.com\/nueva\/seguros-primarios\/","title":{"rendered":"Seguros Primarios"},"content":{"rendered":"<div class=\"wpb-content-wrapper\"><p>[vc_row full_width=&#8221;stretch_row&#8221; css=&#8221;.vc_custom_1644799751510{padding-top: 70px !important;background-color: #ffffff !important;}&#8221;][vc_column width=&#8221;1\/4&#8243;][\/vc_column][vc_column width=&#8221;1\/2&#8243;]<div class=\"sc_section\" data-animation=\"animated fadeInUp normal\"><div class=\"sc_section_inner\"><h3 class=\"sc_section_title sc_item_title sc_item_title_without_descr\">Seguros Primarios<\/h3><div class=\"sc_section_content_wrap\"><\/div><\/div><\/div>[vc_column_text css_animation=&#8221;fadeInUp&#8221; css=&#8221;.vc_custom_1644599200747{margin-top: 30px !important;}&#8221;]<\/p>\n<p style=\"text-align: center;\">Los seguros suplementarios o complementarios est\u00e1n dise\u00f1ados para ayudar a cubrir los montos no amparados por su seguro primario, m\u00e1s tranquilidad para su pronta recuperaci\u00f3n.<\/p>\n<p>[\/vc_column_text][\/vc_column][vc_column width=&#8221;1\/4&#8243;][\/vc_column][\/vc_row][vc_row full_width=&#8221;stretch_row&#8221; css=&#8221;.vc_custom_1644799826631{padding-top: 70px !important;padding-bottom: 70px !important;background-color: #ffffff !important;}&#8221;][vc_column width=&#8221;1\/6&#8243;][\/vc_column][vc_column width=&#8221;2\/3&#8243;][vc_tta_accordion style=&#8221;outline&#8221; gap=&#8221;10&#8243; c_icon=&#8221;triangle&#8221; c_position=&#8221;right&#8221; active_section=&#8221;0&#8243; css_animation=&#8221;fadeInUp&#8221; collapsible_all=&#8221;true&#8221;][vc_tta_section title=&#8221;Subsidiados (Obamacare)&#8221; tab_id=&#8221;1640564996070-9a9f58a2-e682&#8243;][vc_column_text]Obamacare \u2013 ACA (Affordable Care Act).<\/p>\n<p>Ofrecemos todos los planes del Mercado de Seguros M\u00e9dicos. Podemos asesorarle para que tenga el que mejor satisfaga sus necesidades de atenci\u00f3n m\u00e9dica, mientras cuida su presupuesto.<\/p>\n<p>La Ley de Cuidado de Salud a Bajo Costo, fue promulgada en marzo de 2010 y dentro de los principales objetivos de su creaci\u00f3n est\u00e1n:<\/p>\n<p><strong>1.<\/strong> Hacer que el seguro m\u00e9dico sea m\u00e1s asequible, ofreciendo subsidios o cr\u00e9ditos fiscales, que reducen los costos para los hogares con ingresos entre 100% y 400% del nivel federal de pobreza.<\/p>\n<p><strong>2.<\/strong> Apoyar m\u00e9todos innovadores de prestaci\u00f3n de atenci\u00f3n m\u00e9dica, destinados a reducir los costos del cuidado m\u00e9dico en general.<\/p>\n<p>Los planes de seguro m\u00e9dico subsidiado lo van a proteger de adquirir deudas impagables con las instituciones hospitalarias.<\/p>\n<p>Adem\u00e1s, lo ayudar\u00e1n a acceder a los servicios m\u00e9dicos indispensables, mediante el subsidio que otorga el gobierno federal.[\/vc_column_text][\/vc_tta_section][vc_tta_section title=&#8221;Seguros Privados&#8221; tab_id=&#8221;1644599647871-5dc4cefb-adba&#8221;][vc_column_text]Los planes privados de salud tienen coberturas muy amplias y flexibles, permiti\u00e9ndote consultar cualquier m\u00e9dico primario o especialista, o ir a cualquier hospital dentro o fuera de su red de proveedores. Una amplia gama de posibilidades (Seguro PPO) para cubrir sus necesidades de protecci\u00f3n en salud.<\/p>\n<p>Cuando la preocupaci\u00f3n por la salud de su familia va m\u00e1s all\u00e1 de un simple tema presupuestal, los seguros privados ofrecen la mejor cobertura con un alto est\u00e1ndar de calidad en el servicio.<\/p>\n<p>Antes de tomar un seguro de salud privado, tenga en cuenta los siguientes aspectos:<\/p>\n<p><strong>1.<\/strong> La red de m\u00e9dicos primarios, especialistas y hospitales.<\/p>\n<p><strong>2.<\/strong> Los deducibles, los copagos, el coaseguro, las cl\u00e1usulas de permanencia y la cobertura de preexistencias.<\/p>\n<p><strong>3.<\/strong> Coberturas dental y de visi\u00f3n.<\/p>\n<p>Contamos con agentes licenciados con amplia experiencia, que le ayudar\u00e1n a resolver sus dudas y a encontrar el plan que realmente necesita.<\/p>\n<p>Asegure su salud ya mismo, eligiendo la cobertura m\u00e9dica privada de su conveniencia, es un proceso f\u00e1cil, en el que le acompa\u00f1amos de comienzo a fin.[\/vc_column_text][\/vc_tta_section][\/vc_tta_accordion][\/vc_column][vc_column width=&#8221;1\/6&#8243;][\/vc_column][\/vc_row][vc_row full_width=&#8221;stretch_row&#8221; inverse=&#8221;&#8221; css=&#8221;.vc_custom_1644799772494{padding-top: 70px !important;background: #ffffff url(https:\/\/protegeusa.com\/nueva\/wp-content\/uploads\/2022\/02\/background-contact-10_Mesa-de-trabajo-1-copia-8.png?id=1735) !important;background-position: center !important;background-repeat: no-repeat !important;background-size: cover !important;}&#8221;][vc_column width=&#8221;1\/2&#8243; css=&#8221;.vc_custom_1644689465088{padding-bottom: 50px !important;}&#8221;]<div class=\"sc_section\"><div class=\"sc_section_inner\"><h3 class=\"sc_section_title sc_item_title sc_item_title_without_descr\">Cotiza ahora<\/h3><div class=\"sc_section_content_wrap\"><\/div><\/div><\/div>[vc_raw_js]JTNDc2NyaXB0JTIwZGF0YS1iMjQtZm9ybSUzRCUyMmlubGluZSUyRjMyJTJGcmhpcDAwJTIyJTIwZGF0YS1za2lwLW1vdmluZyUzRCUyMnRydWUlMjIlM0UlMEElMjhmdW5jdGlvbiUyOHclMkNkJTJDdSUyOSU3QiUwQXZhciUyMHMlM0RkLmNyZWF0ZUVsZW1lbnQlMjglMjdzY3JpcHQlMjclMjklM0JzLmFzeW5jJTNEdHJ1ZSUzQnMuc3JjJTNEdSUyQiUyNyUzRiUyNyUyQiUyOERhdGUubm93JTI4JTI5JTJGMTgwMDAwJTdDMCUyOSUzQiUwQXZhciUyMGglM0RkLmdldEVsZW1lbnRzQnlUYWdOYW1lJTI4JTI3c2NyaXB0JTI3JTI5JTVCMCU1RCUzQmgucGFyZW50Tm9kZS5pbnNlcnRCZWZvcmUlMjhzJTJDaCUyOSUzQiUwQSU3RCUyOSUyOHdpbmRvdyUyQ2RvY3VtZW50JTJDJTI3aHR0cHMlM0ElMkYlMkZjZG4uYml0cml4MjQuY29tJTJGYjE5MTY5MDE3JTJGY3JtJTJGZm9ybSUyRmxvYWRlcl8zMi5qcyUyNyUyOSUzQiUwQSUzQyUyRnNjcmlwdCUzRQ==[\/vc_raw_js][\/vc_column][vc_column width=&#8221;1\/2&#8243; css=&#8221;.vc_custom_1644617240078{margin-left: 70px !important;}&#8221;][\/vc_column][\/vc_row]<\/p>\n<\/div>","protected":false},"excerpt":{"rendered":"<p>[vc_row full_width=&#8221;stretch_row&#8221; css=&#8221;.vc_custom_1644799751510{padding-top: 70px !important;background-color: #ffffff !important;}&#8221;][vc_column width=&#8221;1\/4&#8243;][\/vc_column][vc_column width=&#8221;1\/2&#8243;][vc_column_text css_animation=&#8221;fadeInUp&#8221; css=&#8221;.vc_custom_1644599200747{margin-top: 30px !important;}&#8221;] Los seguros suplementarios o complementarios est\u00e1n dise\u00f1ados para ayudar a cubrir los montos no amparados por su seguro primario, m\u00e1s tranquilidad para su pronta recuperaci\u00f3n. [\/vc_column_text][\/vc_column][vc_column width=&#8221;1\/4&#8243;][\/vc_column][\/vc_row][vc_row full_width=&#8221;stretch_row&#8221; css=&#8221;.vc_custom_1644799826631{padding-top: 70px !important;padding-bottom: 70px !important;background-color: #ffffff !important;}&#8221;][vc_column width=&#8221;1\/6&#8243;][\/vc_column][vc_column width=&#8221;2\/3&#8243;][vc_tta_accordion style=&#8221;outline&#8221; gap=&#8221;10&#8243; c_icon=&#8221;triangle&#8221; c_position=&#8221;right&#8221; active_section=&#8221;0&#8243; [&hellip;]<\/p>\n","protected":false},"author":4,"featured_media":0,"parent":0,"menu_order":0,"comment_status":"closed","ping_status":"closed","template":"","meta":{"footnotes":""},"class_list":["post-1682","page","type-page","status-publish","hentry"],"yoast_head":"<!-- This site is optimized with the Yoast SEO plugin v27.2 - https:\/\/yoast.com\/product\/yoast-seo-wordpress\/ -->\n<title>Seguros Primarios - Protege Insurance Group<\/title>\n<meta name=\"robots\" content=\"index, follow, max-snippet:-1, max-image-preview:large, max-video-preview:-1\" \/>\n<link rel=\"canonical\" href=\"https:\/\/protegeusa.com\/nueva\/seguros-primarios\/\" \/>\n<meta property=\"og:locale\" content=\"en_US\" \/>\n<meta property=\"og:type\" content=\"article\" \/>\n<meta property=\"og:title\" content=\"Seguros Primarios - Protege Insurance Group\" \/>\n<meta property=\"og:description\" content=\"[vc_row full_width=&#8221;stretch_row&#8221; css=&#8221;.vc_custom_1644799751510{padding-top: 70px !important;background-color: #ffffff !important;}&#8221;][vc_column width=&#8221;1\/4&#8243;][\/vc_column][vc_column width=&#8221;1\/2&#8243;][vc_column_text css_animation=&#8221;fadeInUp&#8221; css=&#8221;.vc_custom_1644599200747{margin-top: 30px !important;}&#8221;] Los seguros suplementarios o complementarios est\u00e1n dise\u00f1ados para ayudar a cubrir los montos no amparados por su seguro primario, m\u00e1s tranquilidad para su pronta recuperaci\u00f3n. [\/vc_column_text][\/vc_column][vc_column width=&#8221;1\/4&#8243;][\/vc_column][\/vc_row][vc_row full_width=&#8221;stretch_row&#8221; css=&#8221;.vc_custom_1644799826631{padding-top: 70px !important;padding-bottom: 70px !important;background-color: #ffffff !important;}&#8221;][vc_column width=&#8221;1\/6&#8243;][\/vc_column][vc_column width=&#8221;2\/3&#8243;][vc_tta_accordion style=&#8221;outline&#8221; gap=&#8221;10&#8243; c_icon=&#8221;triangle&#8221; c_position=&#8221;right&#8221; active_section=&#8221;0&#8243; [&hellip;]\" \/>\n<meta property=\"og:url\" content=\"https:\/\/protegeusa.com\/nueva\/seguros-primarios\/\" \/>\n<meta property=\"og:site_name\" content=\"Protege Insurance Group\" \/>\n<meta property=\"article:publisher\" content=\"https:\/\/www.facebook.com\/ProtegeUSA\/\" \/>\n<meta property=\"article:modified_time\" content=\"2022-03-19T21:11:24+00:00\" \/>\n<meta name=\"twitter:card\" content=\"summary_large_image\" \/>\n<meta name=\"twitter:site\" content=\"@ProtegeUSA\" \/>\n<script type=\"application\/ld+json\" class=\"yoast-schema-graph\">{\"@context\":\"https:\/\/schema.org\",\"@graph\":[{\"@type\":\"WebPage\",\"@id\":\"https:\/\/protegeusa.com\/nueva\/seguros-primarios\/\",\"url\":\"https:\/\/protegeusa.com\/nueva\/seguros-primarios\/\",\"name\":\"Seguros Primarios - Protege Insurance Group\",\"isPartOf\":{\"@id\":\"https:\/\/protegeusa.com\/nueva\/#website\"},\"datePublished\":\"2022-02-12T08:25:38+00:00\",\"dateModified\":\"2022-03-19T21:11:24+00:00\",\"breadcrumb\":{\"@id\":\"https:\/\/protegeusa.com\/nueva\/seguros-primarios\/#breadcrumb\"},\"inLanguage\":\"en-US\",\"potentialAction\":[{\"@type\":\"ReadAction\",\"target\":[\"https:\/\/protegeusa.com\/nueva\/seguros-primarios\/\"]}]},{\"@type\":\"BreadcrumbList\",\"@id\":\"https:\/\/protegeusa.com\/nueva\/seguros-primarios\/#breadcrumb\",\"itemListElement\":[{\"@type\":\"ListItem\",\"position\":1,\"name\":\"Home\",\"item\":\"https:\/\/protegeusa.com\/nueva\/\"},{\"@type\":\"ListItem\",\"position\":2,\"name\":\"Seguros Primarios\"}]},{\"@type\":\"WebSite\",\"@id\":\"https:\/\/protegeusa.com\/nueva\/#website\",\"url\":\"https:\/\/protegeusa.com\/nueva\/\",\"name\":\"Protege Insurance Group\",\"description\":\"Seguros de Salud y Vida para todos\",\"potentialAction\":[{\"@type\":\"SearchAction\",\"target\":{\"@type\":\"EntryPoint\",\"urlTemplate\":\"https:\/\/protegeusa.com\/nueva\/?s={search_term_string}\"},\"query-input\":{\"@type\":\"PropertyValueSpecification\",\"valueRequired\":true,\"valueName\":\"search_term_string\"}}],\"inLanguage\":\"en-US\"}]}<\/script>\n<!-- \/ Yoast SEO plugin. -->","yoast_head_json":{"title":"Seguros Primarios - Protege Insurance Group","robots":{"index":"index","follow":"follow","max-snippet":"max-snippet:-1","max-image-preview":"max-image-preview:large","max-video-preview":"max-video-preview:-1"},"canonical":"https:\/\/protegeusa.com\/nueva\/seguros-primarios\/","og_locale":"en_US","og_type":"article","og_title":"Seguros Primarios - Protege Insurance Group","og_description":"[vc_row full_width=&#8221;stretch_row&#8221; css=&#8221;.vc_custom_1644799751510{padding-top: 70px !important;background-color: #ffffff !important;}&#8221;][vc_column width=&#8221;1\/4&#8243;][\/vc_column][vc_column width=&#8221;1\/2&#8243;][vc_column_text css_animation=&#8221;fadeInUp&#8221; css=&#8221;.vc_custom_1644599200747{margin-top: 30px !important;}&#8221;] Los seguros suplementarios o complementarios est\u00e1n dise\u00f1ados para ayudar a cubrir los montos no amparados por su seguro primario, m\u00e1s tranquilidad para su pronta recuperaci\u00f3n. [\/vc_column_text][\/vc_column][vc_column width=&#8221;1\/4&#8243;][\/vc_column][\/vc_row][vc_row full_width=&#8221;stretch_row&#8221; css=&#8221;.vc_custom_1644799826631{padding-top: 70px !important;padding-bottom: 70px !important;background-color: #ffffff !important;}&#8221;][vc_column width=&#8221;1\/6&#8243;][\/vc_column][vc_column width=&#8221;2\/3&#8243;][vc_tta_accordion style=&#8221;outline&#8221; gap=&#8221;10&#8243; c_icon=&#8221;triangle&#8221; c_position=&#8221;right&#8221; active_section=&#8221;0&#8243; [&hellip;]","og_url":"https:\/\/protegeusa.com\/nueva\/seguros-primarios\/","og_site_name":"Protege Insurance Group","article_publisher":"https:\/\/www.facebook.com\/ProtegeUSA\/","article_modified_time":"2022-03-19T21:11:24+00:00","twitter_card":"summary_large_image","twitter_site":"@ProtegeUSA","schema":{"@context":"https:\/\/schema.org","@graph":[{"@type":"WebPage","@id":"https:\/\/protegeusa.com\/nueva\/seguros-primarios\/","url":"https:\/\/protegeusa.com\/nueva\/seguros-primarios\/","name":"Seguros Primarios - Protege Insurance Group","isPartOf":{"@id":"https:\/\/protegeusa.com\/nueva\/#website"},"datePublished":"2022-02-12T08:25:38+00:00","dateModified":"2022-03-19T21:11:24+00:00","breadcrumb":{"@id":"https:\/\/protegeusa.com\/nueva\/seguros-primarios\/#breadcrumb"},"inLanguage":"en-US","potentialAction":[{"@type":"ReadAction","target":["https:\/\/protegeusa.com\/nueva\/seguros-primarios\/"]}]},{"@type":"BreadcrumbList","@id":"https:\/\/protegeusa.com\/nueva\/seguros-primarios\/#breadcrumb","itemListElement":[{"@type":"ListItem","position":1,"name":"Home","item":"https:\/\/protegeusa.com\/nueva\/"},{"@type":"ListItem","position":2,"name":"Seguros Primarios"}]},{"@type":"WebSite","@id":"https:\/\/protegeusa.com\/nueva\/#website","url":"https:\/\/protegeusa.com\/nueva\/","name":"Protege Insurance Group","description":"Seguros de Salud y Vida para todos","potentialAction":[{"@type":"SearchAction","target":{"@type":"EntryPoint","urlTemplate":"https:\/\/protegeusa.com\/nueva\/?s={search_term_string}"},"query-input":{"@type":"PropertyValueSpecification","valueRequired":true,"valueName":"search_term_string"}}],"inLanguage":"en-US"}]}},"_links":{"self":[{"href":"https:\/\/protegeusa.com\/nueva\/wp-json\/wp\/v2\/pages\/1682","targetHints":{"allow":["GET"]}}],"collection":[{"href":"https:\/\/protegeusa.com\/nueva\/wp-json\/wp\/v2\/pages"}],"about":[{"href":"https:\/\/protegeusa.com\/nueva\/wp-json\/wp\/v2\/types\/page"}],"author":[{"embeddable":true,"href":"https:\/\/protegeusa.com\/nueva\/wp-json\/wp\/v2\/users\/4"}],"replies":[{"embeddable":true,"href":"https:\/\/protegeusa.com\/nueva\/wp-json\/wp\/v2\/comments?post=1682"}],"version-history":[{"count":23,"href":"https:\/\/protegeusa.com\/nueva\/wp-json\/wp\/v2\/pages\/1682\/revisions"}],"predecessor-version":[{"id":1937,"href":"https:\/\/protegeusa.com\/nueva\/wp-json\/wp\/v2\/pages\/1682\/revisions\/1937"}],"wp:attachment":[{"href":"https:\/\/protegeusa.com\/nueva\/wp-json\/wp\/v2\/media?parent=1682"}],"curies":[{"name":"wp","href":"https:\/\/api.w.org\/{rel}","templated":true}]}}